{"id":2,"date":"2024-01-02T17:35:15","date_gmt":"2024-01-02T16:35:15","guid":{"rendered":"http:\/\/elitebud.pl\/?page_id=2"},"modified":"2026-01-30T20:53:19","modified_gmt":"2026-01-30T19:53:19","slug":"przykladowa-strona","status":"publish","type":"page","link":"https:\/\/elitebud.pl\/","title":{"rendered":"Elitebud sp. z o.o"},"content":{"rendered":"\n<div class=\"wp-block-cover\" style=\"padding-right:0;padding-left:0\"><span aria-hidden=\"true\" class=\"wp-block-cover__background has-background-dim\"><\/span><img loading=\"lazy\" decoding=\"async\" width=\"2000\" height=\"1334\" class=\"wp-block-cover__image-background wp-image-17\" alt=\"\" src=\"https:\/\/elitebud-pl.preview-domain.com\/wp-content\/uploads\/2024\/01\/nadzor-inwestycji-budowlanej.jpg\" style=\"object-position:65% 100%\" data-object-fit=\"cover\" data-object-position=\"65% 100%\" srcset=\"https:\/\/elitebud.pl\/wp-content\/uploads\/2024\/01\/nadzor-inwestycji-budowlanej.jpg 2000w, https:\/\/elitebud.pl\/wp-content\/uploads\/2024\/01\/nadzor-inwestycji-budowlanej-300x200.jpg 300w, https:\/\/elitebud.pl\/wp-content\/uploads\/2024\/01\/nadzor-inwestycji-budowlanej-1024x683.jpg 1024w, https:\/\/elitebud.pl\/wp-content\/uploads\/2024\/01\/nadzor-inwestycji-budowlanej-768x512.jpg 768w, https:\/\/elitebud.pl\/wp-content\/uploads\/2024\/01\/nadzor-inwestycji-budowlanej-1536x1025.jpg 1536w, https:\/\/elitebud.pl\/wp-content\/uploads\/2024\/01\/nadzor-inwestycji-budowlanej-930x620.jpg 930w\" sizes=\"auto, (max-width: 2000px) 100vw, 2000px\" \/><div class=\"wp-block-cover__inner-container is-layout-constrained wp-container-core-cover-is-layout-a7c31ef8 wp-block-cover-is-layout-constrained\">\n<p class=\"has-text-align-center has-large-font-size\">Nadz\u00f3r inwestycji budowlanych<\/p>\n<\/div><\/div>\n\n\n\n<p>Firma Elitebud sp. z o.o. jest dynamicznie rozwijaj\u0105c\u0105 si\u0119 sp\u00f3\u0142k\u0105, wyspecjalizowan\u0105 w doradztwie oraz prowadzeniu ca\u0142ego procesu deweloperskiego, dla inwestycji komercyjnych na terenie naszego kraju.<\/p>\n\n\n\n<blockquote class=\"wp-block-quote is-layout-flow wp-block-quote-is-layout-flow\">\n<p>Jeste\u015bmy zespo\u0142em do\u015bwiadczonych in\u017cynier\u00f3w, maj\u0105cych wieloletnie do\u015bwiadczenie w realizacji komercyjnych inwestycji tj. zak\u0142ad\u00f3w, hal produkcyjnych, magazyn\u00f3w powierzchni ekspozycyjnych oraz handlowych. \u00a0\u00a0<\/p>\n<\/blockquote>\n","protected":false},"excerpt":{"rendered":"<p>Firma Elitebud sp. z o.o. jest dynamicznie rozwijaj\u0105c\u0105 si\u0119 sp\u00f3\u0142k\u0105, wyspecjalizowan\u0105 w doradztwie oraz prowadzeniu ca\u0142ego procesu deweloperskiego, dla inwestycji komercyjnych na terenie naszego kraju. Jeste\u015bmy zespo\u0142em do\u015bwiadczonych in\u017cynier\u00f3w, maj\u0105cych wieloletnie do\u015bwiadczenie w realizacji komercyjnych inwestycji tj. zak\u0142ad\u00f3w, hal produkcyjnych, magazyn\u00f3w powierzchni ekspozycyjnych oraz handlowych. \u00a0\u00a0<\/p>\n","protected":false},"author":1,"featured_media":0,"parent":0,"menu_order":0,"comment_status":"closed","ping_status":"closed","template":"page-templates\/template-pagebuilder-full-width.php","meta":{"neve_meta_sidebar":"","neve_meta_container":"full-width","neve_meta_enable_content_width":"","neve_meta_content_width":0,"neve_meta_title_alignment":"","neve_meta_author_avatar":"","neve_post_elements_order":"","neve_meta_disable_header":"","neve_meta_disable_footer":"","neve_meta_disable_title":"","footnotes":""},"class_list":["post-2","page","type-page","status-publish","hentry"],"aioseo_notices":[],"_links":{"self":[{"href":"https:\/\/elitebud.pl\/index.php?rest_route=\/wp\/v2\/pages\/2","targetHints":{"allow":["GET"]}}],"collection":[{"href":"https:\/\/elitebud.pl\/index.php?rest_route=\/wp\/v2\/pages"}],"about":[{"href":"https:\/\/elitebud.pl\/index.php?rest_route=\/wp\/v2\/types\/page"}],"author":[{"embeddable":true,"href":"https:\/\/elitebud.pl\/index.php?rest_route=\/wp\/v2\/users\/1"}],"replies":[{"embeddable":true,"href":"https:\/\/elitebud.pl\/index.php?rest_route=%2Fwp%2Fv2%2Fcomments&post=2"}],"version-history":[{"count":1,"href":"https:\/\/elitebud.pl\/index.php?rest_route=\/wp\/v2\/pages\/2\/revisions"}],"predecessor-version":[{"id":18,"href":"https:\/\/elitebud.pl\/index.php?rest_route=\/wp\/v2\/pages\/2\/revisions\/18"}],"wp:attachment":[{"href":"https:\/\/elitebud.pl\/index.php?rest_route=%2Fwp%2Fv2%2Fmedia&parent=2"}],"curies":[{"name":"wp","href":"https:\/\/api.w.org\/{rel}","templated":true}]}}